{"id":6673,"date":"2019-03-01T12:12:21","date_gmt":"2019-03-01T12:12:21","guid":{"rendered":"https:\/\/demo.goodlayers.com\/attorna\/?page_id=6673"},"modified":"2025-04-30T19:01:09","modified_gmt":"2025-04-30T23:01:09","slug":"resolution-differends-prd","status":"publish","type":"page","link":"https:\/\/jutrasavocats.ca\/en\/resolution-differends-prd\/","title":{"rendered":"Les modes de pr\u00e9vention et de r\u00e8glement des diff\u00e9rends"},"content":{"rendered":"","protected":false},"excerpt":{"rendered":"","protected":false},"author":160039201,"featured_media":0,"parent":0,"menu_order":0,"comment_status":"closed","ping_status":"closed","template":"","meta":{"om_disable_all_campaigns":false,"_monsterinsights_skip_tracking":false,"_monsterinsights_sitenote_active":false,"_monsterinsights_sitenote_note":"","_monsterinsights_sitenote_category":0,"_uf_show_specific_survey":0,"_uf_disable_surveys":false,"footnotes":"","big_sky_generated":false},"class_list":["post-6673","page","type-page","status-publish","hentry"],"aioseo_notices":[],"jetpack_likes_enabled":false,"jetpack_sharing_enabled":true,"jetpack_shortlink":"https:\/\/wp.me\/Pb6SIO-1JD","rttpg_featured_image_url":null,"rttpg_author":{"display_name":"Jutras Avocats","author_link":"https:\/\/jutrasavocats.ca\/en\/author\/amjutrasavocats\/"},"rttpg_comment":0,"rttpg_category":null,"rttpg_excerpt":null,"_links":{"self":[{"href":"https:\/\/jutrasavocats.ca\/en\/wp-json\/wp\/v2\/pages\/6673","targetHints":{"allow":["GET"]}}],"collection":[{"href":"https:\/\/jutrasavocats.ca\/en\/wp-json\/wp\/v2\/pages"}],"about":[{"href":"https:\/\/jutrasavocats.ca\/en\/wp-json\/wp\/v2\/types\/page"}],"author":[{"embeddable":true,"href":"https:\/\/jutrasavocats.ca\/en\/wp-json\/wp\/v2\/users\/160039201"}],"replies":[{"embeddable":true,"href":"https:\/\/jutrasavocats.ca\/en\/wp-json\/wp\/v2\/comments?post=6673"}],"version-history":[{"count":6,"href":"https:\/\/jutrasavocats.ca\/en\/wp-json\/wp\/v2\/pages\/6673\/revisions"}],"predecessor-version":[{"id":8429,"href":"https:\/\/jutrasavocats.ca\/en\/wp-json\/wp\/v2\/pages\/6673\/revisions\/8429"}],"wp:attachment":[{"href":"https:\/\/jutrasavocats.ca\/en\/wp-json\/wp\/v2\/media?parent=6673"}],"curies":[{"name":"wp","href":"https:\/\/api.w.org\/{rel}","templated":true}]}}